{"id":179,"date":"2024-02-06T17:44:06","date_gmt":"2024-02-06T17:44:06","guid":{"rendered":"https:\/\/www.brillosol.com.uy\/?page_id=179"},"modified":"2025-10-23T13:38:42","modified_gmt":"2025-10-23T13:38:42","slug":"eventos","status":"publish","type":"page","link":"https:\/\/www.brillosol.com.uy\/?page_id=179","title":{"rendered":"Limpieza de Eventos"},"content":{"rendered":"<p style=\"text-align: center;\"><strong>\u00bfPor qu\u00e9 se debe contar con una empresa para el servicio de limpieza de eventos?<\/strong><\/p>\n<p><img loading=\"lazy\" decoding=\"async\" class=\"wp-image-213 alignleft\" src=\"https:\/\/www.brillosol.com.uy\/wp-content\/uploads\/2024\/02\/2024-02-07-12_56_15-Presentacion-Brillosol.docx-Modo-de-compatibilidad-Microsoft-Word-300x161.png\" alt=\"\" width=\"679\" height=\"364\" srcset=\"https:\/\/www.brillosol.com.uy\/wp-content\/uploads\/2024\/02\/2024-02-07-12_56_15-Presentacion-Brillosol.docx-Modo-de-compatibilidad-Microsoft-Word-300x161.png 300w, https:\/\/www.brillosol.com.uy\/wp-content\/uploads\/2024\/02\/2024-02-07-12_56_15-Presentacion-Brillosol.docx-Modo-de-compatibilidad-Microsoft-Word.png 581w\" sizes=\"auto, (max-width: 679px) 100vw, 679px\" \/><br \/>\nContar con un servicio profesional de limpieza es la clave para que tu p\u00fablico quede satisfecho ya sea en un evento Empresarial, Conferencias, Bodas, Cumplea\u00f1os etc. ahorraras tiempo de contratar personas, compra de materiales y coordinaci\u00f3n de todo el proceso.\u00a0 Obteniendo un servicio de primera clase, atendiendo el sal\u00f3n, ba\u00f1os, cocina y exteriores, dejando reluciente cada rinc\u00f3n.\u00a0 La limpieza cuenta de tres etapas: Pre, durante y Post Evento, las tres etapas son fundamentales para asegurar el \u00e9xito de tu fiesta, el confort y bienestar de tus invitados,<br \/>\nadem\u00e1s de tu tranquilidad.<\/p>\n<p><a href=\"https:\/\/www.brillosol.com.uy\/?page_id=32\">Solicitar cotizaci\u00f3n<\/a><\/p>\n<p><a href=\"https:\/\/www.brillosol.com.uy\/\">Volver<\/a><\/p>\n<p>&nbsp;<\/p>\n<p>&nbsp;<\/p>\n\n\t\t<style type=\"text\/css\">\n\t\t\t#gallery-1 {\n\t\t\t\tmargin: auto;\n\t\t\t}\n\t\t\t#gallery-1 .gallery-item {\n\t\t\t\tfloat: left;\n\t\t\t\tmargin-top: 10px;\n\t\t\t\ttext-align: center;\n\t\t\t\twidth: 16%;\n\t\t\t}\n\t\t\t#gallery-1 img {\n\t\t\t\tborder: 2px solid #cfcfcf;\n\t\t\t}\n\t\t\t#gallery-1 .gallery-caption {\n\t\t\t\tmargin-left: 0;\n\t\t\t}\n\t\t\t\/* see gallery_shortcode() in wp-includes\/media.php *\/\n\t\t<\/style>\n\t\t<div id='gallery-1' class='gallery galleryid-179 gallery-columns-6 gallery-size-thumbnail'><dl class='gallery-item'>\n\t\t\t<dt class='gallery-icon landscape'>\n\t\t\t\t<a href='https:\/\/www.brillosol.com.uy\/wp-content\/uploads\/2024\/02\/Imagen-de-WhatsApp-2024-02-06-a-las-16.44.47_2fc3e413-1.jpg'><img loading=\"lazy\" decoding=\"async\" width=\"150\" height=\"150\" src=\"https:\/\/www.brillosol.com.uy\/wp-content\/uploads\/2024\/02\/Imagen-de-WhatsApp-2024-02-06-a-las-16.44.47_2fc3e413-1-150x150.jpg\" class=\"attachment-thumbnail size-thumbnail\" alt=\"\" \/><\/a>\n\t\t\t<\/dt><\/dl><dl class='gallery-item'>\n\t\t\t<dt class='gallery-icon landscape'>\n\t\t\t\t<a href='https:\/\/www.brillosol.com.uy\/wp-content\/uploads\/2024\/02\/Imagen-de-WhatsApp-2024-02-06-a-las-16.49.43_dbef7b5f-1.jpg'><img loading=\"lazy\" decoding=\"async\" width=\"150\" height=\"150\" src=\"https:\/\/www.brillosol.com.uy\/wp-content\/uploads\/2024\/02\/Imagen-de-WhatsApp-2024-02-06-a-las-16.49.43_dbef7b5f-1-150x150.jpg\" class=\"attachment-thumbnail size-thumbnail\" alt=\"\" \/><\/a>\n\t\t\t<\/dt><\/dl><dl class='gallery-item'>\n\t\t\t<dt class='gallery-icon landscape'>\n\t\t\t\t<a href='https:\/\/www.brillosol.com.uy\/wp-content\/uploads\/2024\/02\/Imagen-de-WhatsApp-2024-02-06-a-las-16.56.34_3e9bc81d.jpg'><img loading=\"lazy\" decoding=\"async\" width=\"150\" height=\"150\" src=\"https:\/\/www.brillosol.com.uy\/wp-content\/uploads\/2024\/02\/Imagen-de-WhatsApp-2024-02-06-a-las-16.56.34_3e9bc81d-150x150.jpg\" class=\"attachment-thumbnail size-thumbnail\" alt=\"\" \/><\/a>\n\t\t\t<\/dt><\/dl><dl class='gallery-item'>\n\t\t\t<dt class='gallery-icon portrait'>\n\t\t\t\t<a href='https:\/\/www.brillosol.com.uy\/wp-content\/uploads\/2024\/02\/Imagen-de-WhatsApp-2024-02-06-a-las-16.56.34_3f4603a5.jpg'><img loading=\"lazy\" decoding=\"async\" width=\"150\" height=\"150\" src=\"https:\/\/www.brillosol.com.uy\/wp-content\/uploads\/2024\/02\/Imagen-de-WhatsApp-2024-02-06-a-las-16.56.34_3f4603a5-150x150.jpg\" class=\"attachment-thumbnail size-thumbnail\" alt=\"\" \/><\/a>\n\t\t\t<\/dt><\/dl><dl class='gallery-item'>\n\t\t\t<dt class='gallery-icon portrait'>\n\t\t\t\t<a href='https:\/\/www.brillosol.com.uy\/wp-content\/uploads\/2024\/02\/Imagen-de-WhatsApp-2024-02-06-a-las-16.56.34_a653f972.jpg'><img loading=\"lazy\" decoding=\"async\" width=\"150\" height=\"150\" src=\"https:\/\/www.brillosol.com.uy\/wp-content\/uploads\/2024\/02\/Imagen-de-WhatsApp-2024-02-06-a-las-16.56.34_a653f972-150x150.jpg\" class=\"attachment-thumbnail size-thumbnail\" alt=\"\" \/><\/a>\n\t\t\t<\/dt><\/dl><dl class='gallery-item'>\n\t\t\t<dt class='gallery-icon landscape'>\n\t\t\t\t<a href='https:\/\/www.brillosol.com.uy\/wp-content\/uploads\/2024\/02\/Imagen-de-WhatsApp-2024-02-06-a-las-16.56.35_caf5f2b4.jpg'><img loading=\"lazy\" decoding=\"async\" width=\"150\" height=\"150\" src=\"https:\/\/www.brillosol.com.uy\/wp-content\/uploads\/2024\/02\/Imagen-de-WhatsApp-2024-02-06-a-las-16.56.35_caf5f2b4-150x150.jpg\" class=\"attachment-thumbnail size-thumbnail\" alt=\"\" \/><\/a>\n\t\t\t<\/dt><\/dl><br style=\"clear: both\" \/>\n\t\t<\/div>\n\n","protected":false},"excerpt":{"rendered":"<p>\u00bfPor qu\u00e9 se debe contar con una empresa para el servicio de limpieza de eventos? Contar con un servicio profesional de limpieza es la clave para que tu p\u00fablico quede satisfecho ya sea en un evento Empresarial, Conferencias, Bodas, Cumplea\u00f1os etc. ahorraras tiempo de contratar personas, compra de materiales y coordinaci\u00f3n de todo el proceso.\u00a0&hellip; <br \/> <a class=\"read-more\" href=\"https:\/\/www.brillosol.com.uy\/?page_id=179\">Leer m\u00e1s<\/a><\/p>\n","protected":false},"author":1,"featured_media":185,"parent":2,"menu_order":4,"comment_status":"closed","ping_status":"closed","template":"","meta":{"footnotes":""},"class_list":["post-179","page","type-page","status-publish","has-post-thumbnail","hentry"],"_links":{"self":[{"href":"https:\/\/www.brillosol.com.uy\/index.php?rest_route=\/wp\/v2\/pages\/179","targetHints":{"allow":["GET"]}}],"collection":[{"href":"https:\/\/www.brillosol.com.uy\/index.php?rest_route=\/wp\/v2\/pages"}],"about":[{"href":"https:\/\/www.brillosol.com.uy\/index.php?rest_route=\/wp\/v2\/types\/page"}],"author":[{"embeddable":true,"href":"https:\/\/www.brillosol.com.uy\/index.php?rest_route=\/wp\/v2\/users\/1"}],"replies":[{"embeddable":true,"href":"https:\/\/www.brillosol.com.uy\/index.php?rest_route=%2Fwp%2Fv2%2Fcomments&post=179"}],"version-history":[{"count":13,"href":"https:\/\/www.brillosol.com.uy\/index.php?rest_route=\/wp\/v2\/pages\/179\/revisions"}],"predecessor-version":[{"id":387,"href":"https:\/\/www.brillosol.com.uy\/index.php?rest_route=\/wp\/v2\/pages\/179\/revisions\/387"}],"up":[{"embeddable":true,"href":"https:\/\/www.brillosol.com.uy\/index.php?rest_route=\/wp\/v2\/pages\/2"}],"wp:featuredmedia":[{"embeddable":true,"href":"https:\/\/www.brillosol.com.uy\/index.php?rest_route=\/wp\/v2\/media\/185"}],"wp:attachment":[{"href":"https:\/\/www.brillosol.com.uy\/index.php?rest_route=%2Fwp%2Fv2%2Fmedia&parent=179"}],"curies":[{"name":"wp","href":"https:\/\/api.w.org\/{rel}","templated":true}]}}