{"id":51,"date":"2024-02-05T17:15:57","date_gmt":"2024-02-05T17:15:57","guid":{"rendered":"https:\/\/www.brillosol.com.uy\/?page_id=51"},"modified":"2025-10-23T13:37:04","modified_gmt":"2025-10-23T13:37:04","slug":"servicio-de-higiene-integral","status":"publish","type":"page","link":"https:\/\/www.brillosol.com.uy\/?page_id=51","title":{"rendered":"Servicio de higiene integral"},"content":{"rendered":"<p><img loading=\"lazy\" decoding=\"async\" class=\" wp-image-202 alignleft\" src=\"https:\/\/www.brillosol.com.uy\/wp-content\/uploads\/2024\/02\/2024-02-07-12_50_13-Presentacion-Brillosol.docx-Modo-de-compatibilidad-Microsoft-Word-300x223.png\" alt=\"\" width=\"338\" height=\"251\" srcset=\"https:\/\/www.brillosol.com.uy\/wp-content\/uploads\/2024\/02\/2024-02-07-12_50_13-Presentacion-Brillosol.docx-Modo-de-compatibilidad-Microsoft-Word-300x223.png 300w, https:\/\/www.brillosol.com.uy\/wp-content\/uploads\/2024\/02\/2024-02-07-12_50_13-Presentacion-Brillosol.docx-Modo-de-compatibilidad-Microsoft-Word.png 396w\" sizes=\"auto, (max-width: 338px) 100vw, 338px\" \/><\/p>\n<p>Este servicio es el m\u00e1s completo para quienes deseen desentenderse por completo de todo lo que tiene que ver con la limpieza: desde contratar personal hasta los detalles m\u00e1s m\u00ednimos pero no menos \u00a0importantes. Suministramos materiales, productos, materiales,\u00a0 maquinarias y \u00fatiles de limpieza de marcas reconocidas y excelente calidad.<\/p>\n<p>A partir de una reuni\u00f3n informativa acompa\u00f1ada por \u00a0\u00a0\u00a0\u00a0\u00a0\u00a0\u00a0\u00a0\u00a0\u00a0\u00a0una recorrida de las instalaciones, elaboramos un plan de trabajo y presupuesto incluyendo: personal de limpieza id\u00f3neo, productos, materiales, \u00fatiles, maquinarias y elementos de seguridad entre otros, as\u00ed como tambi\u00e9n la elecci\u00f3n de horarios adecuados para realizar las tareas evitando entorpecer el normal funcionamiento del Cliente.<\/p>\n<p><a href=\"https:\/\/www.brillosol.com.uy\/?page_id=32\">Solicitar cotizaci\u00f3n<\/a><\/p>\n<p><a href=\"https:\/\/www.brillosol.com.uy\/\">Volver<\/a><\/p>\n","protected":false},"excerpt":{"rendered":"<p>Este servicio es el m\u00e1s completo para quienes deseen desentenderse por completo de todo lo que tiene que ver con la limpieza: desde contratar personal hasta los detalles m\u00e1s m\u00ednimos pero no menos \u00a0importantes. Suministramos materiales, productos, materiales,\u00a0 maquinarias y \u00fatiles de limpieza de marcas reconocidas y excelente calidad. A partir de una reuni\u00f3n informativa&hellip; <br \/> <a class=\"read-more\" href=\"https:\/\/www.brillosol.com.uy\/?page_id=51\">Leer m\u00e1s<\/a><\/p>\n","protected":false},"author":1,"featured_media":203,"parent":2,"menu_order":0,"comment_status":"closed","ping_status":"closed","template":"","meta":{"footnotes":""},"class_list":["post-51","page","type-page","status-publish","has-post-thumbnail","hentry"],"_links":{"self":[{"href":"https:\/\/www.brillosol.com.uy\/index.php?rest_route=\/wp\/v2\/pages\/51","targetHints":{"allow":["GET"]}}],"collection":[{"href":"https:\/\/www.brillosol.com.uy\/index.php?rest_route=\/wp\/v2\/pages"}],"about":[{"href":"https:\/\/www.brillosol.com.uy\/index.php?rest_route=\/wp\/v2\/types\/page"}],"author":[{"embeddable":true,"href":"https:\/\/www.brillosol.com.uy\/index.php?rest_route=\/wp\/v2\/users\/1"}],"replies":[{"embeddable":true,"href":"https:\/\/www.brillosol.com.uy\/index.php?rest_route=%2Fwp%2Fv2%2Fcomments&post=51"}],"version-history":[{"count":17,"href":"https:\/\/www.brillosol.com.uy\/index.php?rest_route=\/wp\/v2\/pages\/51\/revisions"}],"predecessor-version":[{"id":381,"href":"https:\/\/www.brillosol.com.uy\/index.php?rest_route=\/wp\/v2\/pages\/51\/revisions\/381"}],"up":[{"embeddable":true,"href":"https:\/\/www.brillosol.com.uy\/index.php?rest_route=\/wp\/v2\/pages\/2"}],"wp:featuredmedia":[{"embeddable":true,"href":"https:\/\/www.brillosol.com.uy\/index.php?rest_route=\/wp\/v2\/media\/203"}],"wp:attachment":[{"href":"https:\/\/www.brillosol.com.uy\/index.php?rest_route=%2Fwp%2Fv2%2Fmedia&parent=51"}],"curies":[{"name":"wp","href":"https:\/\/api.w.org\/{rel}","templated":true}]}}