{"id":55,"date":"2024-02-05T17:16:54","date_gmt":"2024-02-05T17:16:54","guid":{"rendered":"https:\/\/www.brillosol.com.uy\/?page_id=55"},"modified":"2025-10-23T13:37:32","modified_gmt":"2025-10-23T13:37:32","slug":"limpieza-final-de-obra","status":"publish","type":"page","link":"https:\/\/www.brillosol.com.uy\/?page_id=55","title":{"rendered":"Limpieza final de obra"},"content":{"rendered":"<p><img loading=\"lazy\" decoding=\"async\" class=\"size-medium wp-image-207 alignleft\" src=\"https:\/\/www.brillosol.com.uy\/wp-content\/uploads\/2024\/02\/2024-02-07-12_55_22-Presentacion-Brillosol.docx-Modo-de-compatibilidad-Microsoft-Word-233x300.png\" alt=\"\" width=\"233\" height=\"300\" srcset=\"https:\/\/www.brillosol.com.uy\/wp-content\/uploads\/2024\/02\/2024-02-07-12_55_22-Presentacion-Brillosol.docx-Modo-de-compatibilidad-Microsoft-Word-233x300.png 233w, https:\/\/www.brillosol.com.uy\/wp-content\/uploads\/2024\/02\/2024-02-07-12_55_22-Presentacion-Brillosol.docx-Modo-de-compatibilidad-Microsoft-Word.png 423w\" sizes=\"auto, (max-width: 233px) 100vw, 233px\" \/><\/p>\n<p>&nbsp;<\/p>\n<p>&nbsp;<\/p>\n<p>Tenemos amplia experiencia en limpieza finales de obra para importantes Constructoras Nacionales e Internacionales. \u00a0Edificios Corporativos, Shoppings, Spa, Hoteles, Complejos de viviendas, Edificios de viviendas, Escuelas, Liceos, Hospitales, Grandes superficies, galpones, estacionamientos, dep\u00f3sitos etc. As\u00ed como tambi\u00e9n en casas particulares por reformas, finalizaci\u00f3n de construcci\u00f3n, \u00a0etc.<\/p>\n<p><a href=\"https:\/\/www.brillosol.com.uy\/?page_id=32\">Solicitar cotizaci\u00f3n<\/a><\/p>\n<p><a href=\"https:\/\/www.brillosol.com.uy\/\">Volver<\/a><\/p>\n<p>&nbsp;<\/p>\n","protected":false},"excerpt":{"rendered":"<p>&nbsp; &nbsp; Tenemos amplia experiencia en limpieza finales de obra para importantes Constructoras Nacionales e Internacionales. \u00a0Edificios Corporativos, Shoppings, Spa, Hoteles, Complejos de viviendas, Edificios de viviendas, Escuelas, Liceos, Hospitales, Grandes superficies, galpones, estacionamientos, dep\u00f3sitos etc. As\u00ed como tambi\u00e9n en casas particulares por reformas, finalizaci\u00f3n de construcci\u00f3n, \u00a0etc. Solicitar cotizaci\u00f3n Volver &nbsp;<\/p>\n","protected":false},"author":1,"featured_media":210,"parent":2,"menu_order":2,"comment_status":"closed","ping_status":"closed","template":"","meta":{"footnotes":""},"class_list":["post-55","page","type-page","status-publish","has-post-thumbnail","hentry"],"_links":{"self":[{"href":"https:\/\/www.brillosol.com.uy\/index.php?rest_route=\/wp\/v2\/pages\/55","targetHints":{"allow":["GET"]}}],"collection":[{"href":"https:\/\/www.brillosol.com.uy\/index.php?rest_route=\/wp\/v2\/pages"}],"about":[{"href":"https:\/\/www.brillosol.com.uy\/index.php?rest_route=\/wp\/v2\/types\/page"}],"author":[{"embeddable":true,"href":"https:\/\/www.brillosol.com.uy\/index.php?rest_route=\/wp\/v2\/users\/1"}],"replies":[{"embeddable":true,"href":"https:\/\/www.brillosol.com.uy\/index.php?rest_route=%2Fwp%2Fv2%2Fcomments&post=55"}],"version-history":[{"count":7,"href":"https:\/\/www.brillosol.com.uy\/index.php?rest_route=\/wp\/v2\/pages\/55\/revisions"}],"predecessor-version":[{"id":383,"href":"https:\/\/www.brillosol.com.uy\/index.php?rest_route=\/wp\/v2\/pages\/55\/revisions\/383"}],"up":[{"embeddable":true,"href":"https:\/\/www.brillosol.com.uy\/index.php?rest_route=\/wp\/v2\/pages\/2"}],"wp:featuredmedia":[{"embeddable":true,"href":"https:\/\/www.brillosol.com.uy\/index.php?rest_route=\/wp\/v2\/media\/210"}],"wp:attachment":[{"href":"https:\/\/www.brillosol.com.uy\/index.php?rest_route=%2Fwp%2Fv2%2Fmedia&parent=55"}],"curies":[{"name":"wp","href":"https:\/\/api.w.org\/{rel}","templated":true}]}}