{"id":57,"date":"2024-02-05T17:17:14","date_gmt":"2024-02-05T17:17:14","guid":{"rendered":"https:\/\/www.brillosol.com.uy\/?page_id=57"},"modified":"2025-10-23T13:37:43","modified_gmt":"2025-10-23T13:37:43","slug":"limpieza-profunda-puntual","status":"publish","type":"page","link":"https:\/\/www.brillosol.com.uy\/?page_id=57","title":{"rendered":"Limpieza profunda puntual"},"content":{"rendered":"<p><img loading=\"lazy\" decoding=\"async\" class=\"size-medium wp-image-211 alignleft\" src=\"https:\/\/www.brillosol.com.uy\/wp-content\/uploads\/2024\/02\/2024-02-07-12_55_48-Presentacion-Brillosol.docx-Modo-de-compatibilidad-Microsoft-Word-300x231.png\" alt=\"\" width=\"300\" height=\"231\" srcset=\"https:\/\/www.brillosol.com.uy\/wp-content\/uploads\/2024\/02\/2024-02-07-12_55_48-Presentacion-Brillosol.docx-Modo-de-compatibilidad-Microsoft-Word-300x231.png 300w, https:\/\/www.brillosol.com.uy\/wp-content\/uploads\/2024\/02\/2024-02-07-12_55_48-Presentacion-Brillosol.docx-Modo-de-compatibilidad-Microsoft-Word.png 550w\" sizes=\"auto, (max-width: 300px) 100vw, 300px\" \/><\/p>\n<p>Limpieza profunda de Empresas, Comercios, Industrias etc. este tipo de limpieza apunta a una puesta a punto de todas las instalaciones cubriendo todos los servicios de limpieza con un equipo especializado, se realiza por \u00fanica vez, o en forma peri\u00f3dica de acuerdo a las necesidades de los Clientes.<\/p>\n<p>Tambi\u00e9n se hacen limpiezas profundas de casas\u00a0 por mudanza ya sea cuando se deja la vivienda o antes de entrar.<\/p>\n<p><a href=\"https:\/\/www.brillosol.com.uy\/?page_id=32\">Solicitar cotizaci\u00f3n<\/a><\/p>\n<p><a href=\"https:\/\/www.brillosol.com.uy\/\">Volver<\/a><\/p>\n","protected":false},"excerpt":{"rendered":"<p>Limpieza profunda de Empresas, Comercios, Industrias etc. este tipo de limpieza apunta a una puesta a punto de todas las instalaciones cubriendo todos los servicios de limpieza con un equipo especializado, se realiza por \u00fanica vez, o en forma peri\u00f3dica de acuerdo a las necesidades de los Clientes. Tambi\u00e9n se hacen limpiezas profundas de casas\u00a0&hellip; <br \/> <a class=\"read-more\" href=\"https:\/\/www.brillosol.com.uy\/?page_id=57\">Leer m\u00e1s<\/a><\/p>\n","protected":false},"author":1,"featured_media":99,"parent":2,"menu_order":3,"comment_status":"closed","ping_status":"closed","template":"","meta":{"footnotes":""},"class_list":["post-57","page","type-page","status-publish","has-post-thumbnail","hentry"],"_links":{"self":[{"href":"https:\/\/www.brillosol.com.uy\/index.php?rest_route=\/wp\/v2\/pages\/57","targetHints":{"allow":["GET"]}}],"collection":[{"href":"https:\/\/www.brillosol.com.uy\/index.php?rest_route=\/wp\/v2\/pages"}],"about":[{"href":"https:\/\/www.brillosol.com.uy\/index.php?rest_route=\/wp\/v2\/types\/page"}],"author":[{"embeddable":true,"href":"https:\/\/www.brillosol.com.uy\/index.php?rest_route=\/wp\/v2\/users\/1"}],"replies":[{"embeddable":true,"href":"https:\/\/www.brillosol.com.uy\/index.php?rest_route=%2Fwp%2Fv2%2Fcomments&post=57"}],"version-history":[{"count":6,"href":"https:\/\/www.brillosol.com.uy\/index.php?rest_route=\/wp\/v2\/pages\/57\/revisions"}],"predecessor-version":[{"id":384,"href":"https:\/\/www.brillosol.com.uy\/index.php?rest_route=\/wp\/v2\/pages\/57\/revisions\/384"}],"up":[{"embeddable":true,"href":"https:\/\/www.brillosol.com.uy\/index.php?rest_route=\/wp\/v2\/pages\/2"}],"wp:featuredmedia":[{"embeddable":true,"href":"https:\/\/www.brillosol.com.uy\/index.php?rest_route=\/wp\/v2\/media\/99"}],"wp:attachment":[{"href":"https:\/\/www.brillosol.com.uy\/index.php?rest_route=%2Fwp%2Fv2%2Fmedia&parent=57"}],"curies":[{"name":"wp","href":"https:\/\/api.w.org\/{rel}","templated":true}]}}