{"id":6,"date":"2024-02-05T14:29:25","date_gmt":"2024-02-05T14:29:25","guid":{"rendered":"https:\/\/www.brillosol.com.uy\/?page_id=6"},"modified":"2026-02-25T17:37:45","modified_gmt":"2026-02-25T17:37:45","slug":"mesmerize","status":"publish","type":"page","link":"https:\/\/www.brillosol.com.uy\/","title":{"rendered":"Inicio"},"content":{"rendered":"<div  id=\"cta-1\" data-label=\"Cta\" data-id=\"cta-blue-section\" data-export-id=\"cta-blue-section\" data-category=\"cta\" class=\"cta-blue-section content-section content-section-spacing-medium bg-color1 white-text\"><div  class=\"gridContainer\"> <div  class=\"row middle-xs\"><div  class=\"col-sm-8 space-bottom-xs\" data-type=\"column\"> <h2  class=\"\">Solicite nuestros servicios via Whatsapp<\/h2> <\/div> <div  class=\"col-sm-4 end-sm\" data-type=\"column\"> <a  class=\"button color2\" href=\"https:\/\/wa.link\/3fqsa1\" target=\"_self\" data-cp-link=\"1\" rel=\"noopener\">Click aqui!<\/a><\/div> <\/div><\/div> <\/div><div  data-label=\"Features\" data-id=\"features--1\" data-export-id=\"features-16\" data-category=\"features\" class=\"features-16 content-section content-section-spacing\" id=\"features-1\" style=\"background-color: rgb(255, 255, 255); background-image: none;\"><div  class=\"gridContainer\"> <div  class=\"row text-center\"><div  class=\"section-title-col\" data-type=\"column\"> <h2  class=\"\">Nuestros servicios (click para ver)<\/h2> <\/div> <\/div> <div  class=\"row spaced-cols center-sm content-center-sm\" data-type=\"row\"> <div  class=\"col-xs-12 col-sm-6 col-md-4 space-bottom\"> <a  data-cp-link=\"1\" href=\"https:\/\/www.brillosol.com.uy?page_id=51\" target=\"_self\"><img  decoding=\"async\" class=\"face\" src=\"https:\/\/www.brillosol.com.uy\/wp-content\/uploads\/2024\/02\/cropped-2024-02-07-12_50_13-Presentacion-Brillosol.docx-Modo-de-compatibilidad-Microsoft-Word.png\" title=\"cropped-2024-02-07-12_50_13-Presentacion-Brillosol.docx-Modo-de-compatibilidad-Microsoft-Word.png\" alt=\"\"><\/a> <div  data-type=\"column\" class=\"col-padding-small col-padding-small-xs description-container\"> <h4  class=\"font-500\">Servicio de higiene integral<\/h4>  <\/div> <\/div> <div  class=\"col-xs-12 col-sm-6 col-md-4 space-bottom\"> <a  data-cp-link=\"1\" href=\"https:\/\/www.brillosol.com.uy?page_id=53\" target=\"_self\"><img  decoding=\"async\" class=\"face\" src=\"https:\/\/www.brillosol.com.uy\/wp-content\/uploads\/2024\/02\/cropped-personal.png\" title=\"cropped-personal.png\" alt=\"\"><\/a> <div  data-type=\"column\" class=\"col-padding-small col-padding-small-xs description-container\"> <h4  class=\"font-500\">Suministro de personal<\/h4>  <\/div> <\/div> <div  class=\"col-xs-12 col-sm-6 col-md-4 space-bottom\"> <a  data-cp-link=\"1\" href=\"https:\/\/www.brillosol.com.uy?page_id=55\" target=\"_self\"><img  decoding=\"async\" class=\"face\" src=\"https:\/\/www.brillosol.com.uy\/wp-content\/uploads\/2024\/02\/cropped-2024-02-07-12_55_22-Presentacion-Brillosol.docx-Modo-de-compatibilidad-Microsoft-Word.png\" title=\"cropped-2024-02-07-12_55_22-Presentacion-Brillosol.docx-Modo-de-compatibilidad-Microsoft-Word.png\" alt=\"\"><\/a> <div  data-type=\"column\" class=\"col-padding-small col-padding-small-xs description-container\"> <h4  class=\"font-500\">Limpieza final de obra<\/h4>  <\/div> <\/div><div  class=\"col-xs-12 col-sm-6 col-md-4 space-bottom\"> <a  data-cp-link=\"1\" href=\"https:\/\/www.brillosol.com.uy?page_id=57\" target=\"_self\"><img  decoding=\"async\" class=\"face\" src=\"https:\/\/www.brillosol.com.uy\/wp-content\/uploads\/2024\/02\/cropped-2024-02-07-12_55_48-Presentacion-Brillosol.docx-Modo-de-compatibilidad-Microsoft-Word.png\" title=\"cropped-2024-02-07-12_55_48-Presentacion-Brillosol.docx-Modo-de-compatibilidad-Microsoft-Word.png\" alt=\"\"><\/a> <div  data-type=\"column\" class=\"col-padding-small col-padding-small-xs description-container\"> <h4  class=\"font-500\">Limpieza profunda puntual<\/h4>  <\/div> <\/div><div  class=\"col-xs-12 col-sm-6 col-md-4 space-bottom\"> <a  data-cp-link=\"1\" href=\"https:\/\/www.brillosol.com.uy?page_id=179\" target=\"_self\"><img  decoding=\"async\" class=\"face\" src=\"https:\/\/www.brillosol.com.uy\/wp-content\/uploads\/2024\/02\/cropped-2024-02-07-12_56_15-Presentacion-Brillosol.docx-Modo-de-compatibilidad-Microsoft-Word.png\" title=\"cropped-2024-02-07-12_56_15-Presentacion-Brillosol.docx-Modo-de-compatibilidad-Microsoft-Word.png\" alt=\"\"><\/a> <div  data-type=\"column\" class=\"col-padding-small col-padding-small-xs description-container\"> <h4  class=\"font-500\">Limpieza de Eventos<\/h4>  <\/div> <\/div><div  class=\"col-xs-12 col-sm-6 col-md-4 space-bottom\"> <a  data-cp-link=\"1\" href=\"https:\/\/www.brillosol.com.uy?page_id=61\" target=\"_self\"><img  decoding=\"async\" class=\"face\" src=\"https:\/\/www.brillosol.com.uy\/wp-content\/uploads\/2024\/02\/cropped-2024-02-07-12_58_06-Presentacion-Brillosol.docx-Modo-de-compatibilidad-Microsoft-Word.png\" title=\"cropped-2024-02-07-12_58_06-Presentacion-Brillosol.docx-Modo-de-compatibilidad-Microsoft-Word.png\" alt=\"\"><\/a> <div  data-type=\"column\" class=\"col-padding-small col-padding-small-xs description-container\"> <h4  class=\"font-500\">Limpieza de cristales<\/h4>  <\/div> <\/div><div  class=\"col-xs-12 col-sm-6 col-md-4 space-bottom\"> <a  data-cp-link=\"1\" href=\"https:\/\/www.brillosol.com.uy?page_id=63\" target=\"_self\"><img  decoding=\"async\" class=\"face\" src=\"https:\/\/www.brillosol.com.uy\/wp-content\/uploads\/2024\/02\/cropped-2024-02-07-12_58_58-Presentacion-Brillosol.docx-Modo-de-compatibilidad-Microsoft-Word.png\" title=\"cropped-2024-02-07-12_58_58-Presentacion-Brillosol.docx-Modo-de-compatibilidad-Microsoft-Word.png\" alt=\"\"><\/a> <div  data-type=\"column\" class=\"col-padding-small col-padding-small-xs description-container\"> <h4  class=\"font-500\">Limpieza de tapizados<\/h4>  <\/div> <\/div><div  class=\"col-xs-12 col-sm-6 col-md-4 space-bottom\"> <a  data-cp-link=\"1\" href=\"https:\/\/www.brillosol.com.uy?page_id=59\" target=\"_self\"><img  decoding=\"async\" class=\"face\" src=\"https:\/\/www.brillosol.com.uy\/wp-content\/uploads\/2024\/02\/cropped-2024-02-07-12_57_29-Presentacion-Brillosol.docx-Modo-de-compatibilidad-Microsoft-Word.png\" title=\"cropped-2024-02-07-12_57_29-Presentacion-Brillosol.docx-Modo-de-compatibilidad-Microsoft-Word.png\" alt=\"\"><\/a> <div  data-type=\"column\" class=\"col-padding-small col-padding-small-xs description-container\"> <h4  class=\"font-500\">Recuperaci\u00f3n de pisos<\/h4>  <\/div> <\/div><div  class=\"col-xs-12 col-sm-6 col-md-4 space-bottom\"> <a  data-cp-link=\"1\" href=\"https:\/\/www.brillosol.com.uy?page_id=197\" target=\"_self\"><img  decoding=\"async\" class=\"face\" src=\"https:\/\/www.brillosol.com.uy\/wp-content\/uploads\/2024\/02\/cropped-Imagen-de-WhatsApp-2024-02-07-a-las-12.34.35_77fad202.jpg\" title=\"cropped-Imagen-de-WhatsApp-2024-02-07-a-las-12.34.35_77fad202.jpg\" alt=\"\"><\/a> <div  data-type=\"column\" class=\"col-padding-small col-padding-small-xs description-container\"> <h4  class=\"font-500\">Servicio dom\u00e9stico<\/h4>  <\/div> <\/div><\/div> <\/div><\/div><div  data-label=\"Team\" data-id=\"team--1\" data-export-id=\"team-2\" data-category=\"team\" class=\"team-2 content-section content-section-spacing\" id=\"team-1\" style=\"background-color: rgb(255, 255, 255);\"><div  class=\"gridContainer\"> <div  class=\"row text-center\"><div  class=\"section-title-col\" data-type=\"column\"> <h2  class=\"\">Nuestro equipo<\/h2> <p  class=\"lead\">Presentamos a nuestro equipo de Profesionales quienes d\u00eda a d\u00eda trabajan haci\u00e9ndonos&nbsp; crecer y ser mejores.&nbsp;<\/p><\/div> <\/div> <div  class=\"row spaced-cols content-center-sm center-sm\" data-type=\"row\"> <div  class=\"col-sm-6 col-md-3\"> <div  class=\"card y-move no-padding bordered\"> <img  decoding=\"async\" class=\"face\" src=\"https:\/\/www.brillosol.com.uy\/wp-content\/uploads\/2024\/04\/cropped-Brina-De-Agosto-Direccion-nueva.jpg\" title=\"cropped-Brina-De-Agosto-Direccion-nueva.jpg\" alt=\"\"> <div  data-type=\"column\" class=\"col-padding-small col-padding-small-xs description-container\"> <h4  class=\"font-500\">Brina De Agosto<\/h4> <p  class=\"small\" style=\"font-style: italic;\">Direcci\u00f3n<\/p> <div  class=\"social-icons-group\" data-type=\"group\"> <a  href=\"#\" target=\"_self\" data-reiki-hidden=\"true\" rel=\"noopener\"><i  class=\"gray fa icon fa-facebook-square\"><\/i><\/a> <a  href=\"#\" target=\"_self\" data-reiki-hidden=\"true\" rel=\"noopener\"><i  class=\"gray fa icon fa-twitter-square\"><\/i><\/a> <a  href=\"#\" target=\"_self\" data-reiki-hidden=\"true\" rel=\"noopener\"><i  class=\"gray fa icon fa-linkedin-square\"><\/i><\/a> <a  href=\"#\" target=\"_self\" data-reiki-hidden=\"true\" rel=\"noopener\"><i  class=\"gray fa icon fa-google-plus-square\"><\/i><\/a><\/div> <\/div><\/div> <\/div> <div  class=\"col-sm-6 col-md-3\"> <div  class=\"card y-move no-padding bordered\"> <img  decoding=\"async\" class=\"face\" src=\"https:\/\/www.brillosol.com.uy\/wp-content\/uploads\/2024\/04\/cropped-Vera-Lubomirsky-Supervision-general.jpg\" title=\"cropped-Vera-Lubomirsky-Supervision-general.jpg\" alt=\"\"> <div  data-type=\"column\" class=\"col-padding-small col-padding-small-xs description-container\"> <h4  class=\"font-500\">Vera Lubomirsky<\/h4> <p  class=\"small\" style=\"font-style: italic;\">Supervisi\u00f3n General<\/p> <div  class=\"social-icons-group\" data-type=\"group\"> <a  href=\"#\" target=\"_self\" data-reiki-hidden=\"true\" rel=\"noopener\"><i  class=\"gray fa icon fa-facebook-square\"><\/i><\/a> <a  href=\"#\" target=\"_self\" data-reiki-hidden=\"true\" rel=\"noopener\"><i  class=\"gray fa icon fa-twitter-square\"><\/i><\/a> <a  href=\"#\" target=\"_self\" data-reiki-hidden=\"true\" rel=\"noopener\"><i  class=\"gray fa icon fa-linkedin-square\"><\/i><\/a> <a  href=\"#\" target=\"_self\" data-reiki-hidden=\"true\" rel=\"noopener\"><i  class=\"gray fa icon fa-google-plus-square\"><\/i><\/a><\/div> <\/div><\/div> <\/div> <div  class=\"col-sm-6 col-md-3\"> <div  class=\"card y-move no-padding bordered\"> <img  decoding=\"async\" class=\"face\" src=\"https:\/\/www.brillosol.com.uy\/wp-content\/uploads\/2024\/04\/cropped-Daniela-Garcia-Recursos-humanos.jpg\" title=\"cropped-Daniela-Garcia-Recursos-humanos.jpg\" alt=\"\"> <div  data-type=\"column\" class=\"col-padding-small col-padding-small-xs description-container\"> <h4  class=\"font-500\">Daniela Garc\u00eda<\/h4> <p  class=\"small\" style=\"font-style: italic;\">Gerente General<\/p> <div  class=\"social-icons-group\" data-type=\"group\"> <a  href=\"#\" target=\"_self\" data-reiki-hidden=\"true\" rel=\"noopener\"><i  class=\"gray fa icon fa-facebook-square\"><\/i><\/a> <a  href=\"#\" target=\"_self\" data-reiki-hidden=\"true\" rel=\"noopener\"><i  class=\"gray fa icon fa-twitter-square\"><\/i><\/a> <a  href=\"#\" target=\"_self\" data-reiki-hidden=\"true\" rel=\"noopener\"><i  class=\"gray fa icon fa-linkedin-square\"><\/i><\/a> <a  href=\"#\" target=\"_self\" data-reiki-hidden=\"true\" rel=\"noopener\"><i  class=\"gray fa icon fa-google-plus-square\"><\/i><\/a><\/div> <\/div><\/div> <\/div><div  class=\"col-sm-6 col-md-3\"> <div  class=\"card y-move no-padding bordered\"> <img  decoding=\"async\" class=\"face\" src=\"https:\/\/www.brillosol.com.uy\/wp-content\/uploads\/2024\/04\/cropped-cropped-Imagen-de-WhatsApp-2024-04-29-a-las-20.19.22_28282e9e.jpg\" title=\"cropped-cropped-Imagen-de-WhatsApp-2024-04-29-a-las-20.19.22_28282e9e.jpg\" alt=\"\"> <div  data-type=\"column\" class=\"col-padding-small col-padding-small-xs description-container\"> <h4  class=\"font-500\">Patricia Altieri<\/h4> <p  class=\"small\" style=\"font-style: italic;\">T\u00e9cnico Prevencionista<\/p> <div  class=\"social-icons-group\" data-type=\"group\"> <a  href=\"#\" target=\"_self\" data-reiki-hidden=\"true\" rel=\"noopener\"><i  class=\"gray fa icon fa-facebook-square\"><\/i><\/a> <a  href=\"#\" target=\"_self\" data-reiki-hidden=\"true\" rel=\"noopener\"><i  class=\"gray fa icon fa-twitter-square\"><\/i><\/a> <a  href=\"#\" target=\"_self\" data-reiki-hidden=\"true\" rel=\"noopener\"><i  class=\"gray fa icon fa-linkedin-square\"><\/i><\/a> <a  href=\"#\" target=\"_self\" data-reiki-hidden=\"true\" rel=\"noopener\"><i  class=\"gray fa icon fa-google-plus-square\"><\/i><\/a><\/div> <\/div><\/div> <\/div><div  class=\"col-sm-6 col-md-3\"> <div  class=\"card y-move no-padding bordered\"> <img  decoding=\"async\" class=\"face\" src=\"https:\/\/www.brillosol.com.uy\/wp-content\/uploads\/2024\/04\/cropped-Dra-Laura-Blanco-Depto-legal.jpg\" title=\"cropped-Dra-Laura-Blanco-Depto-legal.jpg\" alt=\"\"> <div  data-type=\"column\" class=\"col-padding-small col-padding-small-xs description-container\"> <h4  class=\"font-500\">Dra. Laura Blanco<\/h4> <p  class=\"small\" style=\"font-style: italic;\">Depto. Legal<\/p> <div  class=\"social-icons-group\" data-type=\"group\"> <a  href=\"#\" target=\"_self\" data-reiki-hidden=\"true\" rel=\"noopener\"><i  class=\"gray fa icon fa-facebook-square\"><\/i><\/a> <a  href=\"#\" target=\"_self\" data-reiki-hidden=\"true\" rel=\"noopener\"><i  class=\"gray fa icon fa-twitter-square\"><\/i><\/a> <a  href=\"#\" target=\"_self\" data-reiki-hidden=\"true\" rel=\"noopener\"><i  class=\"gray fa icon fa-linkedin-square\"><\/i><\/a> <a  href=\"#\" target=\"_self\" data-reiki-hidden=\"true\" rel=\"noopener\"><i  class=\"gray fa icon fa-google-plus-square\"><\/i><\/a><\/div> <\/div><\/div> <\/div> <div  class=\"col-sm-6 col-md-3\"> <div  class=\"card y-move no-padding bordered\"> <img  decoding=\"async\" class=\"face\" src=\"https:\/\/www.brillosol.com.uy\/wp-content\/uploads\/2024\/04\/cropped-Cr-Diego-Feldman-Dpto.-Contable.jpg\" title=\"cropped-Cr-Diego-Feldman-Dpto.-Contable.jpg\" alt=\"\"> <div  data-type=\"column\" class=\"col-padding-small col-padding-small-xs description-container\"> <h4  class=\"font-500\">Cr. Diego Feldman<\/h4> <p  class=\"small\" style=\"font-style: italic;\">Depto. Contable<\/p> <div  class=\"social-icons-group\" data-type=\"group\"> <a  href=\"#\" target=\"_self\" data-reiki-hidden=\"true\" rel=\"noopener\"><i  class=\"gray fa icon fa-facebook-square\"><\/i><\/a> <a  href=\"#\" target=\"_self\" data-reiki-hidden=\"true\" rel=\"noopener\"><i  class=\"gray fa icon fa-twitter-square\"><\/i><\/a> <a  href=\"#\" target=\"_self\" data-reiki-hidden=\"true\" rel=\"noopener\"><i  class=\"gray fa icon fa-linkedin-square\"><\/i><\/a> <a  href=\"#\" target=\"_self\" data-reiki-hidden=\"true\" rel=\"noopener\"><i  class=\"gray fa icon fa-google-plus-square\"><\/i><\/a><\/div> <\/div><\/div> <\/div>    <div  class=\"col-sm-6 col-md-3\"> <div  class=\"card y-move no-padding bordered\"> <img  decoding=\"async\" class=\"face\" src=\"https:\/\/www.brillosol.com.uy\/wp-content\/uploads\/2025\/10\/cropped-federica.png\" title=\"cropped-federica.png\" alt=\"\"> <div  data-type=\"column\" class=\"col-padding-small col-padding-small-xs description-container\"> <h4  class=\"font-500\">Federica Pla<\/h4> <p  class=\"small\" style=\"font-style: italic;\">Administraci\u00f3n y personas<\/p> <div  class=\"social-icons-group\" data-type=\"group\"> <a  href=\"#\" target=\"_self\" data-reiki-hidden=\"true\" rel=\"noopener\"><i  class=\"gray fa icon fa-facebook-square\"><\/i><\/a> <a  href=\"#\" target=\"_self\" data-reiki-hidden=\"true\" rel=\"noopener\"><i  class=\"gray fa icon fa-twitter-square\"><\/i><\/a> <a  href=\"#\" target=\"_self\" data-reiki-hidden=\"true\" rel=\"noopener\"><i  class=\"gray fa icon fa-linkedin-square\"><\/i><\/a> <a  href=\"#\" target=\"_self\" data-reiki-hidden=\"true\" rel=\"noopener\"><i  class=\"gray fa icon fa-google-plus-square\"><\/i><\/a><\/div> <\/div><\/div> <\/div><div  class=\"col-sm-6 col-md-3\"> <div  class=\"card y-move no-padding bordered\"> <img  decoding=\"async\" class=\"face\" src=\"https:\/\/www.brillosol.com.uy\/wp-content\/uploads\/2025\/10\/cropped-juan.png\" title=\"cropped-juan.png\" alt=\"\"> <div  data-type=\"column\" class=\"col-padding-small col-padding-small-xs description-container\"> <h4  class=\"font-500\">Juan Manuel S\u00e1nchez<\/h4> <p  class=\"small\" style=\"font-style: italic;\">Administraci\u00f3n y personas<\/p> <div  class=\"social-icons-group\" data-type=\"group\"> <a  href=\"#\" target=\"_self\" data-reiki-hidden=\"true\" rel=\"noopener\"><i  class=\"gray fa icon fa-facebook-square\"><\/i><\/a> <a  href=\"#\" target=\"_self\" data-reiki-hidden=\"true\" rel=\"noopener\"><i  class=\"gray fa icon fa-twitter-square\"><\/i><\/a> <a  href=\"#\" target=\"_self\" data-reiki-hidden=\"true\" rel=\"noopener\"><i  class=\"gray fa icon fa-linkedin-square\"><\/i><\/a> <a  href=\"#\" target=\"_self\" data-reiki-hidden=\"true\" rel=\"noopener\"><i  class=\"gray fa icon fa-google-plus-square\"><\/i><\/a><\/div> <\/div><\/div> <\/div><div  class=\"col-sm-6 col-md-3\"> <div  class=\"card y-move no-padding bordered\"> <img  decoding=\"async\" class=\"face\" src=\"https:\/\/www.brillosol.com.uy\/wp-content\/uploads\/2025\/10\/cropped-matias.png\" title=\"cropped-matias.png\" alt=\"\"> <div  data-type=\"column\" class=\"col-padding-small col-padding-small-xs description-container\"> <h4  class=\"font-500\">Matias Pe\u00f1a<\/h4> <p  class=\"small\" style=\"font-style: italic;\">Servicio t\u00e9cnico\n<\/p> <div  class=\"social-icons-group\" data-type=\"group\"> <a  href=\"#\" target=\"_self\" data-reiki-hidden=\"true\" rel=\"noopener\"><i  class=\"gray fa icon fa-facebook-square\"><\/i><\/a> <a  href=\"#\" target=\"_self\" data-reiki-hidden=\"true\" rel=\"noopener\"><i  class=\"gray fa icon fa-twitter-square\"><\/i><\/a> <a  href=\"#\" target=\"_self\" data-reiki-hidden=\"true\" rel=\"noopener\"><i  class=\"gray fa icon fa-linkedin-square\"><\/i><\/a> <a  href=\"#\" target=\"_self\" data-reiki-hidden=\"true\" rel=\"noopener\"><i  class=\"gray fa icon fa-google-plus-square\"><\/i><\/a><\/div> <\/div><\/div> <\/div><div  class=\"col-sm-6 col-md-3\"> <div  class=\"card y-move no-padding bordered\"> <img  decoding=\"async\" class=\"face\" src=\"https:\/\/www.brillosol.com.uy\/wp-content\/uploads\/2025\/10\/cropped-steve.png\" title=\"cropped-steve.png\" alt=\"\"> <div  data-type=\"column\" class=\"col-padding-small col-padding-small-xs description-container\"> <h4  class=\"font-500\">Steve Rubio<\/h4> <p  class=\"small\" style=\"font-style: italic;\">Marketing y Redes Sociales<\/p> <div  class=\"social-icons-group\" data-type=\"group\"> <a  href=\"#\" target=\"_self\" data-reiki-hidden=\"true\" rel=\"noopener\"><i  class=\"gray fa icon fa-facebook-square\"><\/i><\/a> <a  href=\"#\" target=\"_self\" data-reiki-hidden=\"true\" rel=\"noopener\"><i  class=\"gray fa icon fa-twitter-square\"><\/i><\/a> <a  href=\"#\" target=\"_self\" data-reiki-hidden=\"true\" rel=\"noopener\"><i  class=\"gray fa icon fa-linkedin-square\"><\/i><\/a> <a  href=\"#\" target=\"_self\" data-reiki-hidden=\"true\" rel=\"noopener\"><i  class=\"gray fa icon fa-google-plus-square\"><\/i><\/a><\/div> <\/div><\/div> <\/div><\/div> <\/div><\/div>","protected":false},"excerpt":{"rendered":"<p>Solicite nuestros servicios via Whatsapp Click aqui! Nuestros servicios (click para ver) Servicio de higiene integral Suministro de personal Limpieza final de obra Limpieza profunda puntual Limpieza de Eventos Limpieza de cristales Limpieza de tapizados Recuperaci\u00f3n de pisos Servicio dom\u00e9stico Nuestro equipo Presentamos a nuestro equipo de Profesionales quienes d\u00eda a d\u00eda trabajan haci\u00e9ndonos&nbsp; crecer&hellip; <br \/> <a class=\"read-more\" href=\"https:\/\/www.brillosol.com.uy\/\">Leer m\u00e1s<\/a><\/p>\n","protected":false},"author":1,"featured_media":0,"parent":0,"menu_order":0,"comment_status":"closed","ping_status":"closed","template":"page-templates\/homepage.php","meta":{"footnotes":""},"class_list":["post-6","page","type-page","status-publish","hentry"],"_links":{"self":[{"href":"https:\/\/www.brillosol.com.uy\/index.php?rest_route=\/wp\/v2\/pages\/6","targetHints":{"allow":["GET"]}}],"collection":[{"href":"https:\/\/www.brillosol.com.uy\/index.php?rest_route=\/wp\/v2\/pages"}],"about":[{"href":"https:\/\/www.brillosol.com.uy\/index.php?rest_route=\/wp\/v2\/types\/page"}],"author":[{"embeddable":true,"href":"https:\/\/www.brillosol.com.uy\/index.php?rest_route=\/wp\/v2\/users\/1"}],"replies":[{"embeddable":true,"href":"https:\/\/www.brillosol.com.uy\/index.php?rest_route=%2Fwp%2Fv2%2Fcomments&post=6"}],"version-history":[{"count":36,"href":"https:\/\/www.brillosol.com.uy\/index.php?rest_route=\/wp\/v2\/pages\/6\/revisions"}],"predecessor-version":[{"id":405,"href":"https:\/\/www.brillosol.com.uy\/index.php?rest_route=\/wp\/v2\/pages\/6\/revisions\/405"}],"wp:attachment":[{"href":"https:\/\/www.brillosol.com.uy\/index.php?rest_route=%2Fwp%2Fv2%2Fmedia&parent=6"}],"curies":[{"name":"wp","href":"https:\/\/api.w.org\/{rel}","templated":true}]}}